{"id":985,"date":"2023-07-07T16:33:32","date_gmt":"2023-07-07T14:33:32","guid":{"rendered":"https:\/\/flooow.site\/?page_id=985"},"modified":"2023-07-07T16:35:21","modified_gmt":"2023-07-07T14:35:21","slug":"structure","status":"publish","type":"page","link":"https:\/\/flooow.site\/?page_id=985","title":{"rendered":"structure"},"content":{"rendered":"\t\t<div data-elementor-type=\"wp-page\" data-elementor-id=\"985\" class=\"elementor elementor-985\">\n\t\t\t\t\t\t<section class=\"elementor-section elementor-top-section elementor-element elementor-element-2eb89706 elementor-section-boxed elementor-section-height-default elementor-section-height-default\" data-id=\"2eb89706\" data-element_type=\"section\" data-e-type=\"section\">\n\t\t\t\t\t\t<div class=\"elementor-container elementor-column-gap-default\">\n\t\t\t\t\t<div class=\"elementor-column elementor-col-100 elementor-top-column elementor-element elementor-element-68bcc612\" data-id=\"68bcc612\" data-element_type=\"column\" data-e-type=\"column\">\n\t\t\t<div class=\"elementor-widget-wrap elementor-element-populated\">\n\t\t\t\t\t\t<div class=\"elementor-element elementor-element-63bf1a1 elementor-widget elementor-widget-image\" data-id=\"63bf1a1\" data-element_type=\"widget\" data-e-type=\"widget\" data-widget_type=\"image.default\">\n\t\t\t\t<div class=\"elementor-widget-container\">\n\t\t\t\t\t\t\t\t\t\t\t\t\t\t\t<img fetchpriority=\"high\" decoding=\"async\" width=\"2560\" height=\"1894\" src=\"https:\/\/flooow.site\/wp-content\/uploads\/2023\/07\/sigmund-CwTfKH5edSk-unsplash-scaled.jpg\" class=\"attachment-full size-full wp-image-987\" alt=\"\" srcset=\"https:\/\/flooow.site\/wp-content\/uploads\/2023\/07\/sigmund-CwTfKH5edSk-unsplash-scaled.jpg 2560w, https:\/\/flooow.site\/wp-content\/uploads\/2023\/07\/sigmund-CwTfKH5edSk-unsplash-300x222.jpg 300w, https:\/\/flooow.site\/wp-content\/uploads\/2023\/07\/sigmund-CwTfKH5edSk-unsplash-1024x758.jpg 1024w, https:\/\/flooow.site\/wp-content\/uploads\/2023\/07\/sigmund-CwTfKH5edSk-unsplash-768x568.jpg 768w, https:\/\/flooow.site\/wp-content\/uploads\/2023\/07\/sigmund-CwTfKH5edSk-unsplash-1536x1137.jpg 1536w, https:\/\/flooow.site\/wp-content\/uploads\/2023\/07\/sigmund-CwTfKH5edSk-unsplash-2048x1516.jpg 2048w\" sizes=\"(max-width: 2560px) 100vw, 2560px\" \/>\t\t\t\t\t\t\t\t\t\t\t\t\t\t\t<\/div>\n\t\t\t\t<\/div>\n\t\t\t\t<div class=\"elementor-element elementor-element-642192a5 elementor-align-center elementor-absolute elementor-widget elementor-widget-button\" data-id=\"642192a5\" data-element_type=\"widget\" data-e-type=\"widget\" data-settings=\"{&quot;_position&quot;:&quot;absolute&quot;}\" data-widget_type=\"button.default\">\n\t\t\t\t<div class=\"elementor-widget-container\">\n\t\t\t\t\t\t\t\t\t<div class=\"elementor-button-wrapper\">\n\t\t\t\t\t<a class=\"elementor-button elementor-button-link elementor-size-lg\" href=\"#\">\n\t\t\t\t\t\t<span class=\"elementor-button-content-wrapper\">\n\t\t\t\t\t\t\t\t\t<span class=\"elementor-button-text\">Inscrivez-vous<\/span>\n\t\t\t\t\t<\/span>\n\t\t\t\t\t<\/a>\n\t\t\t\t<\/div>\n\t\t\t\t\t\t\t\t<\/div>\n\t\t\t\t<\/div>\n\t\t\t\t<div class=\"elementor-element elementor-element-30f653ea elementor-absolute elementor-widget elementor-widget-heading\" data-id=\"30f653ea\" data-element_type=\"widget\" data-e-type=\"widget\" data-settings=\"{&quot;_position&quot;:&quot;absolute&quot;}\" data-widget_type=\"heading.default\">\n\t\t\t\t<div class=\"elementor-widget-container\">\n\t\t\t\t\t<h1 class=\"elementor-heading-title elementor-size-xl\">Vous \u00eates une structure, une association ?<\/h1>\t\t\t\t<\/div>\n\t\t\t\t<\/div>\n\t\t\t\t<div class=\"elementor-element elementor-element-96a7949 elementor-absolute elementor-widget elementor-widget-heading\" data-id=\"96a7949\" data-element_type=\"widget\" data-e-type=\"widget\" data-settings=\"{&quot;_position&quot;:&quot;absolute&quot;}\" data-widget_type=\"heading.default\">\n\t\t\t\t<div class=\"elementor-widget-container\">\n\t\t\t\t\t<h2 class=\"elementor-heading-title elementor-size-default\">Vous pensez que Flooow puisse vous faciliter la mise en lien avec vos prochains adh\u00e9rents ? <\/h2>\t\t\t\t<\/div>\n\t\t\t\t<\/div>\n\t\t\t\t<div class=\"elementor-element elementor-element-c3e202d elementor-absolute elementor-widget elementor-widget-heading\" data-id=\"c3e202d\" data-element_type=\"widget\" data-e-type=\"widget\" data-settings=\"{&quot;_position&quot;:&quot;absolute&quot;}\" data-widget_type=\"heading.default\">\n\t\t\t\t<div class=\"elementor-widget-container\">\n\t\t\t\t\t<h2 class=\"elementor-heading-title elementor-size-default\">Vous souhaitez faire partie d'un territoire Flooow ?<\/h2>\t\t\t\t<\/div>\n\t\t\t\t<\/div>\n\t\t\t\t\t<\/div>\n\t\t<\/div>\n\t\t\t\t\t<\/div>\n\t\t<\/section>\n\t\t\t\t<section class=\"elementor-section elementor-top-section elementor-element elementor-element-2b56802 sktinfotech-section-1 elementor-section-boxed elementor-section-height-default elementor-section-height-default\" data-id=\"2b56802\" data-element_type=\"section\" data-e-type=\"section\" data-settings=\"{&quot;background_background&quot;:&quot;gradient&quot;}\">\n\t\t\t\t\t\t<div class=\"elementor-container elementor-column-gap-default\">\n\t\t\t\t\t<div class=\"elementor-column elementor-col-100 elementor-top-column elementor-element elementor-element-2fff587d\" data-id=\"2fff587d\" data-element_type=\"column\" data-e-type=\"column\">\n\t\t\t<div class=\"elementor-widget-wrap elementor-element-populated\">\n\t\t\t\t\t\t<section class=\"elementor-section elementor-inner-section elementor-element elementor-element-684725c8 sktinfotech-section-1-inner1 elementor-section-boxed elementor-section-height-default elementor-section-height-default\" data-id=\"684725c8\" data-element_type=\"section\" data-e-type=\"section\">\n\t\t\t\t\t\t<div class=\"elementor-container elementor-column-gap-default\">\n\t\t\t\t\t<div class=\"elementor-column elementor-col-100 elementor-inner-column elementor-element elementor-element-77c5fc94 sktinfotech-section-1-inner1-mid\" data-id=\"77c5fc94\" data-element_type=\"column\" data-e-type=\"column\">\n\t\t\t<div class=\"elementor-widget-wrap elementor-element-populated\">\n\t\t\t\t\t\t<div class=\"elementor-element elementor-element-6803467d elementor-widget elementor-widget-shortcode\" data-id=\"6803467d\" data-element_type=\"widget\" data-e-type=\"widget\" data-widget_type=\"shortcode.default\">\n\t\t\t\t<div class=\"elementor-widget-container\">\n\t\t\t\t\t\t\t<div class=\"elementor-shortcode\"><div class=\"services-box-outer\"> \r\n\t<div class=\"item\"><div class=\"services-box-content\"><div class=\"skt-services-outer\"><div class=\"skt-services-image\">\r\n\t\t\t<a href=\"https:\/\/flooow.site\/?services=vacances\" title=\"Vacances\"><img decoding=\"async\" src=\"https:\/\/flooow.site\/wp-content\/uploads\/2023\/07\/zach-betten-KYTT8L5JLDs-unsplash.jpg\" alt=\"serviceimage\"><\/a><\/div><\/div><div class=\"services-infobox\">\r\n                \t<h3 class=\"skt-services-title\"><a href=\"https:\/\/flooow.site\/?services=vacances\">Vacances<\/a><\/h3><\/div><\/div><\/div> \r\n\t<div class=\"item\"><div class=\"services-box-content\"><div class=\"skt-services-outer\"><div class=\"skt-services-image\">\r\n\t\t\t<a href=\"https:\/\/flooow.site\/?services=loisirs\" title=\"Loisirs\"><img decoding=\"async\" src=\"https:\/\/flooow.site\/wp-content\/uploads\/2023\/07\/marius-masalar-rPOmLGwai2w-unsplash-scaled.jpg\" alt=\"serviceimage\"><\/a><\/div><\/div><div class=\"services-infobox\">\r\n                \t<h3 class=\"skt-services-title\"><a href=\"https:\/\/flooow.site\/?services=loisirs\">Loisirs<\/a><\/h3><\/div><\/div><\/div> \r\n\t<div class=\"item\"><div class=\"services-box-content\"><div class=\"skt-services-outer\"><div class=\"skt-services-image\">\r\n\t\t\t<a href=\"https:\/\/flooow.site\/?services=scolaires\" title=\"Scolaires\"><img decoding=\"async\" src=\"https:\/\/flooow.site\/wp-content\/uploads\/2023\/07\/element5-digital-OyCl7Y4y0Bk-unsplash-scaled.jpg\" alt=\"serviceimage\"><\/a><\/div><\/div><div class=\"services-infobox\">\r\n                \t<h3 class=\"skt-services-title\"><a href=\"https:\/\/flooow.site\/?services=scolaires\">Scolaires<\/a><\/h3><\/div><\/div><\/div> \r\n\t<div class=\"item\"><div class=\"services-box-content\"><div class=\"skt-services-outer\"><div class=\"skt-services-image\">\r\n\t\t\t<a href=\"https:\/\/flooow.site\/?services=culture\" title=\"Culture\"><img decoding=\"async\" src=\"https:\/\/flooow.site\/wp-content\/uploads\/2023\/07\/analuisa-gamboa-lNZ5gcIIZxo-unsplash-scaled.jpg\" alt=\"serviceimage\"><\/a><\/div><\/div><div class=\"services-infobox\">\r\n                \t<h3 class=\"skt-services-title\"><a href=\"https:\/\/flooow.site\/?services=culture\">Culture<\/a><\/h3><\/div><\/div><\/div> \r\n\t<div class=\"item\"><div class=\"services-box-content\"><div class=\"skt-services-outer\"><div class=\"skt-services-image\">\r\n\t\t\t<a href=\"https:\/\/flooow.site\/?services=sports\" title=\"Sports\"><img decoding=\"async\" src=\"https:\/\/flooow.site\/wp-content\/uploads\/2023\/07\/moises-alex-WqI-PbYugn4-unsplash-scaled.jpg\" alt=\"serviceimage\"><\/a><\/div><\/div><div class=\"services-infobox\">\r\n                \t<h3 class=\"skt-services-title\"><a href=\"https:\/\/flooow.site\/?services=sports\">Sports<\/a><\/h3><\/div><\/div><\/div><\/div><\/div>\n\t\t\t\t\t\t<\/div>\n\t\t\t\t<\/div>\n\t\t\t\t\t<\/div>\n\t\t<\/div>\n\t\t\t\t\t<\/div>\n\t\t<\/section>\n\t\t\t\t<section class=\"elementor-section elementor-inner-section elementor-element elementor-element-1afee08c sktinfotech-section-1-inner2 elementor-section-boxed elementor-section-height-default elementor-section-height-default\" data-id=\"1afee08c\" data-element_type=\"section\" data-e-type=\"section\">\n\t\t\t\t\t\t<div class=\"elementor-container elementor-column-gap-default\">\n\t\t\t\t\t<div class=\"elementor-column elementor-col-50 elementor-inner-column elementor-element elementor-element-369081 sktinfotech-section-1-inner2-left\" data-id=\"369081\" data-element_type=\"column\" data-e-type=\"column\">\n\t\t\t<div class=\"elementor-widget-wrap elementor-element-populated\">\n\t\t\t\t\t\t<div class=\"elementor-element elementor-element-409cde1 elementor-widget elementor-widget-heading\" data-id=\"409cde1\" data-element_type=\"widget\" data-e-type=\"widget\" data-widget_type=\"heading.default\">\n\t\t\t\t<div class=\"elementor-widget-container\">\n\t\t\t\t\t<h2 class=\"elementor-heading-title elementor-size-default\">D\u00e9couvrez nos diff\u00e9rents univers<\/h2>\t\t\t\t<\/div>\n\t\t\t\t<\/div>\n\t\t\t\t\t<\/div>\n\t\t<\/div>\n\t\t\t\t<div class=\"elementor-column elementor-col-50 elementor-inner-column elementor-element elementor-element-596e8632 sktinfotech-section-1-inner2-right\" data-id=\"596e8632\" data-element_type=\"column\" data-e-type=\"column\">\n\t\t\t<div class=\"elementor-widget-wrap elementor-element-populated\">\n\t\t\t\t\t\t<div class=\"elementor-element elementor-element-40812302 elementor-align-right elementor-mobile-align-center sktinfotech-firstsection-btn elementor-widget elementor-widget-button\" data-id=\"40812302\" data-element_type=\"widget\" data-e-type=\"widget\" data-widget_type=\"button.default\">\n\t\t\t\t<div class=\"elementor-widget-container\">\n\t\t\t\t\t\t\t\t\t<div class=\"elementor-button-wrapper\">\n\t\t\t\t\t<a class=\"elementor-button elementor-button-link elementor-size-sm\" href=\"?page_id=18\">\n\t\t\t\t\t\t<span class=\"elementor-button-content-wrapper\">\n\t\t\t\t\t\t\t\t\t<span class=\"elementor-button-text\">Tous les univers<\/span>\n\t\t\t\t\t<\/span>\n\t\t\t\t\t<\/a>\n\t\t\t\t<\/div>\n\t\t\t\t\t\t\t\t<\/div>\n\t\t\t\t<\/div>\n\t\t\t\t\t<\/div>\n\t\t<\/div>\n\t\t\t\t\t<\/div>\n\t\t<\/section>\n\t\t\t\t\t<\/div>\n\t\t<\/div>\n\t\t\t\t\t<\/div>\n\t\t<\/section>\n\t\t\t\t<\/div>\n\t\t","protected":false},"excerpt":{"rendered":"<p>Inscrivez-vous Vous \u00eates une structure, une association ? Vous pensez que Flooow puisse vous faciliter la mise en lien avec vos prochains adh\u00e9rents ? Vous souhaitez faire partie d&#8217;un territoire Flooow ? D\u00e9couvrez nos diff\u00e9rents univers Tous les univers<\/p>\n","protected":false},"author":1,"featured_media":0,"parent":0,"menu_order":0,"comment_status":"closed","ping_status":"closed","template":"elementor_header_footer","meta":{"footnotes":""},"class_list":["post-985","page","type-page","status-publish","hentry"],"aioseo_notices":[],"_links":{"self":[{"href":"https:\/\/flooow.site\/index.php?rest_route=\/wp\/v2\/pages\/985","targetHints":{"allow":["GET"]}}],"collection":[{"href":"https:\/\/flooow.site\/index.php?rest_route=\/wp\/v2\/pages"}],"about":[{"href":"https:\/\/flooow.site\/index.php?rest_route=\/wp\/v2\/types\/page"}],"author":[{"embeddable":true,"href":"https:\/\/flooow.site\/index.php?rest_route=\/wp\/v2\/users\/1"}],"replies":[{"embeddable":true,"href":"https:\/\/flooow.site\/index.php?rest_route=%2Fwp%2Fv2%2Fcomments&post=985"}],"version-history":[{"count":4,"href":"https:\/\/flooow.site\/index.php?rest_route=\/wp\/v2\/pages\/985\/revisions"}],"predecessor-version":[{"id":990,"href":"https:\/\/flooow.site\/index.php?rest_route=\/wp\/v2\/pages\/985\/revisions\/990"}],"wp:attachment":[{"href":"https:\/\/flooow.site\/index.php?rest_route=%2Fwp%2Fv2%2Fmedia&parent=985"}],"curies":[{"name":"wp","href":"https:\/\/api.w.org\/{rel}","templated":true}]}}