{"id":973,"date":"2023-07-07T16:16:06","date_gmt":"2023-07-07T14:16:06","guid":{"rendered":"https:\/\/flooow.site\/?page_id=973"},"modified":"2023-07-07T16:20:15","modified_gmt":"2023-07-07T14:20:15","slug":"collectivite","status":"publish","type":"page","link":"https:\/\/flooow.site\/?page_id=973","title":{"rendered":"collectivite"},"content":{"rendered":"\t\t<div data-elementor-type=\"wp-page\" data-elementor-id=\"973\" class=\"elementor elementor-973\">\n\t\t\t\t\t\t<section class=\"elementor-section elementor-top-section elementor-element elementor-element-7ae4667a elementor-section-boxed elementor-section-height-default elementor-section-height-default\" data-id=\"7ae4667a\" data-element_type=\"section\" data-e-type=\"section\">\n\t\t\t\t\t\t<div class=\"elementor-container elementor-column-gap-default\">\n\t\t\t\t\t<div class=\"elementor-column elementor-col-100 elementor-top-column elementor-element elementor-element-3cb0418e\" data-id=\"3cb0418e\" data-element_type=\"column\" data-e-type=\"column\">\n\t\t\t<div class=\"elementor-widget-wrap elementor-element-populated\">\n\t\t\t\t\t\t<div class=\"elementor-element elementor-element-4167dee9 elementor-widget elementor-widget-image\" data-id=\"4167dee9\" data-element_type=\"widget\" data-e-type=\"widget\" data-widget_type=\"image.default\">\n\t\t\t\t<div class=\"elementor-widget-container\">\n\t\t\t\t\t\t\t\t\t\t\t\t\t\t\t<img fetchpriority=\"high\" decoding=\"async\" width=\"2560\" height=\"1709\" src=\"https:\/\/flooow.site\/wp-content\/uploads\/2023\/07\/erika-fletcher-MZxqc6n9qCw-unsplash-scaled.jpg\" class=\"attachment-full size-full wp-image-977\" alt=\"\" srcset=\"https:\/\/flooow.site\/wp-content\/uploads\/2023\/07\/erika-fletcher-MZxqc6n9qCw-unsplash-scaled.jpg 2560w, https:\/\/flooow.site\/wp-content\/uploads\/2023\/07\/erika-fletcher-MZxqc6n9qCw-unsplash-300x200.jpg 300w, https:\/\/flooow.site\/wp-content\/uploads\/2023\/07\/erika-fletcher-MZxqc6n9qCw-unsplash-1024x684.jpg 1024w, https:\/\/flooow.site\/wp-content\/uploads\/2023\/07\/erika-fletcher-MZxqc6n9qCw-unsplash-768x513.jpg 768w, https:\/\/flooow.site\/wp-content\/uploads\/2023\/07\/erika-fletcher-MZxqc6n9qCw-unsplash-1536x1025.jpg 1536w, https:\/\/flooow.site\/wp-content\/uploads\/2023\/07\/erika-fletcher-MZxqc6n9qCw-unsplash-2048x1367.jpg 2048w\" sizes=\"(max-width: 2560px) 100vw, 2560px\" \/>\t\t\t\t\t\t\t\t\t\t\t\t\t\t\t<\/div>\n\t\t\t\t<\/div>\n\t\t\t\t<div class=\"elementor-element elementor-element-1d5a00ed elementor-align-center elementor-absolute elementor-widget elementor-widget-button\" data-id=\"1d5a00ed\" data-element_type=\"widget\" data-e-type=\"widget\" data-settings=\"{&quot;_position&quot;:&quot;absolute&quot;}\" data-widget_type=\"button.default\">\n\t\t\t\t<div class=\"elementor-widget-container\">\n\t\t\t\t\t\t\t\t\t<div class=\"elementor-button-wrapper\">\n\t\t\t\t\t<a class=\"elementor-button elementor-button-link elementor-size-lg\" href=\"#\">\n\t\t\t\t\t\t<span class=\"elementor-button-content-wrapper\">\n\t\t\t\t\t\t\t\t\t<span class=\"elementor-button-text\">Inscrivez-vous<\/span>\n\t\t\t\t\t<\/span>\n\t\t\t\t\t<\/a>\n\t\t\t\t<\/div>\n\t\t\t\t\t\t\t\t<\/div>\n\t\t\t\t<\/div>\n\t\t\t\t<div class=\"elementor-element elementor-element-4f1b3bfc elementor-absolute elementor-widget elementor-widget-heading\" data-id=\"4f1b3bfc\" data-element_type=\"widget\" data-e-type=\"widget\" data-settings=\"{&quot;_position&quot;:&quot;absolute&quot;}\" data-widget_type=\"heading.default\">\n\t\t\t\t<div class=\"elementor-widget-container\">\n\t\t\t\t\t<h1 class=\"elementor-heading-title elementor-size-xl\">Vous \u00eates une institut, une \u00e9cole ?<\/h1>\t\t\t\t<\/div>\n\t\t\t\t<\/div>\n\t\t\t\t<div class=\"elementor-element elementor-element-229dd9c0 elementor-absolute elementor-widget elementor-widget-heading\" data-id=\"229dd9c0\" data-element_type=\"widget\" data-e-type=\"widget\" data-settings=\"{&quot;_position&quot;:&quot;absolute&quot;}\" data-widget_type=\"heading.default\">\n\t\t\t\t<div class=\"elementor-widget-container\">\n\t\t\t\t\t<h2 class=\"elementor-heading-title elementor-size-default\">Vous souhaitez faire partie d'un territoire Flooow ?<\/h2>\t\t\t\t<\/div>\n\t\t\t\t<\/div>\n\t\t\t\t<div class=\"elementor-element elementor-element-ef31e0c elementor-absolute elementor-widget elementor-widget-heading\" data-id=\"ef31e0c\" data-element_type=\"widget\" data-e-type=\"widget\" data-settings=\"{&quot;_position&quot;:&quot;absolute&quot;}\" data-widget_type=\"heading.default\">\n\t\t\t\t<div class=\"elementor-widget-container\">\n\t\t\t\t\t<h2 class=\"elementor-heading-title elementor-size-default\">Vous pensez que Flooow puisse vous faciliter la mise en lien avec vos prochains adh\u00e9rents ? <\/h2>\t\t\t\t<\/div>\n\t\t\t\t<\/div>\n\t\t\t\t\t<\/div>\n\t\t<\/div>\n\t\t\t\t\t<\/div>\n\t\t<\/section>\n\t\t\t\t<section class=\"elementor-section elementor-top-section elementor-element elementor-element-6d1d9de2 sktinfotech-section-1 elementor-section-boxed elementor-section-height-default elementor-section-height-default\" data-id=\"6d1d9de2\" data-element_type=\"section\" data-e-type=\"section\" data-settings=\"{&quot;background_background&quot;:&quot;gradient&quot;}\">\n\t\t\t\t\t\t<div class=\"elementor-container elementor-column-gap-default\">\n\t\t\t\t\t<div class=\"elementor-column elementor-col-100 elementor-top-column elementor-element elementor-element-176aca40\" data-id=\"176aca40\" data-element_type=\"column\" data-e-type=\"column\">\n\t\t\t<div class=\"elementor-widget-wrap elementor-element-populated\">\n\t\t\t\t\t\t<section class=\"elementor-section elementor-inner-section elementor-element elementor-element-6a38aab5 sktinfotech-section-1-inner1 elementor-section-boxed elementor-section-height-default elementor-section-height-default\" data-id=\"6a38aab5\" data-element_type=\"section\" data-e-type=\"section\">\n\t\t\t\t\t\t<div class=\"elementor-container elementor-column-gap-default\">\n\t\t\t\t\t<div class=\"elementor-column elementor-col-100 elementor-inner-column elementor-element elementor-element-53ba1dc8 sktinfotech-section-1-inner1-mid\" data-id=\"53ba1dc8\" data-element_type=\"column\" data-e-type=\"column\">\n\t\t\t<div class=\"elementor-widget-wrap elementor-element-populated\">\n\t\t\t\t\t\t<div class=\"elementor-element elementor-element-789fcc72 elementor-widget elementor-widget-shortcode\" data-id=\"789fcc72\" data-element_type=\"widget\" data-e-type=\"widget\" data-widget_type=\"shortcode.default\">\n\t\t\t\t<div class=\"elementor-widget-container\">\n\t\t\t\t\t\t\t<div class=\"elementor-shortcode\"><div class=\"services-box-outer\"> \r\n\t<div class=\"item\"><div class=\"services-box-content\"><div class=\"skt-services-outer\"><div class=\"skt-services-image\">\r\n\t\t\t<a href=\"https:\/\/flooow.site\/?services=vacances\" title=\"Vacances\"><img decoding=\"async\" src=\"https:\/\/flooow.site\/wp-content\/uploads\/2023\/07\/zach-betten-KYTT8L5JLDs-unsplash.jpg\" alt=\"serviceimage\"><\/a><\/div><\/div><div class=\"services-infobox\">\r\n                \t<h3 class=\"skt-services-title\"><a href=\"https:\/\/flooow.site\/?services=vacances\">Vacances<\/a><\/h3><\/div><\/div><\/div> \r\n\t<div class=\"item\"><div class=\"services-box-content\"><div class=\"skt-services-outer\"><div class=\"skt-services-image\">\r\n\t\t\t<a href=\"https:\/\/flooow.site\/?services=loisirs\" title=\"Loisirs\"><img decoding=\"async\" src=\"https:\/\/flooow.site\/wp-content\/uploads\/2023\/07\/marius-masalar-rPOmLGwai2w-unsplash-scaled.jpg\" alt=\"serviceimage\"><\/a><\/div><\/div><div class=\"services-infobox\">\r\n                \t<h3 class=\"skt-services-title\"><a href=\"https:\/\/flooow.site\/?services=loisirs\">Loisirs<\/a><\/h3><\/div><\/div><\/div> \r\n\t<div class=\"item\"><div class=\"services-box-content\"><div class=\"skt-services-outer\"><div class=\"skt-services-image\">\r\n\t\t\t<a href=\"https:\/\/flooow.site\/?services=scolaires\" title=\"Scolaires\"><img decoding=\"async\" src=\"https:\/\/flooow.site\/wp-content\/uploads\/2023\/07\/element5-digital-OyCl7Y4y0Bk-unsplash-scaled.jpg\" alt=\"serviceimage\"><\/a><\/div><\/div><div class=\"services-infobox\">\r\n                \t<h3 class=\"skt-services-title\"><a href=\"https:\/\/flooow.site\/?services=scolaires\">Scolaires<\/a><\/h3><\/div><\/div><\/div> \r\n\t<div class=\"item\"><div class=\"services-box-content\"><div class=\"skt-services-outer\"><div class=\"skt-services-image\">\r\n\t\t\t<a href=\"https:\/\/flooow.site\/?services=culture\" title=\"Culture\"><img decoding=\"async\" src=\"https:\/\/flooow.site\/wp-content\/uploads\/2023\/07\/analuisa-gamboa-lNZ5gcIIZxo-unsplash-scaled.jpg\" alt=\"serviceimage\"><\/a><\/div><\/div><div class=\"services-infobox\">\r\n                \t<h3 class=\"skt-services-title\"><a href=\"https:\/\/flooow.site\/?services=culture\">Culture<\/a><\/h3><\/div><\/div><\/div> \r\n\t<div class=\"item\"><div class=\"services-box-content\"><div class=\"skt-services-outer\"><div class=\"skt-services-image\">\r\n\t\t\t<a href=\"https:\/\/flooow.site\/?services=sports\" title=\"Sports\"><img decoding=\"async\" src=\"https:\/\/flooow.site\/wp-content\/uploads\/2023\/07\/moises-alex-WqI-PbYugn4-unsplash-scaled.jpg\" alt=\"serviceimage\"><\/a><\/div><\/div><div class=\"services-infobox\">\r\n                \t<h3 class=\"skt-services-title\"><a href=\"https:\/\/flooow.site\/?services=sports\">Sports<\/a><\/h3><\/div><\/div><\/div><\/div><\/div>\n\t\t\t\t\t\t<\/div>\n\t\t\t\t<\/div>\n\t\t\t\t\t<\/div>\n\t\t<\/div>\n\t\t\t\t\t<\/div>\n\t\t<\/section>\n\t\t\t\t<section class=\"elementor-section elementor-inner-section elementor-element elementor-element-67b25927 sktinfotech-section-1-inner2 elementor-section-boxed elementor-section-height-default elementor-section-height-default\" data-id=\"67b25927\" data-element_type=\"section\" data-e-type=\"section\">\n\t\t\t\t\t\t<div class=\"elementor-container elementor-column-gap-default\">\n\t\t\t\t\t<div class=\"elementor-column elementor-col-50 elementor-inner-column elementor-element elementor-element-38e90867 sktinfotech-section-1-inner2-left\" data-id=\"38e90867\" data-element_type=\"column\" data-e-type=\"column\">\n\t\t\t<div class=\"elementor-widget-wrap elementor-element-populated\">\n\t\t\t\t\t\t<div class=\"elementor-element elementor-element-107095e0 elementor-widget elementor-widget-heading\" data-id=\"107095e0\" data-element_type=\"widget\" data-e-type=\"widget\" data-widget_type=\"heading.default\">\n\t\t\t\t<div class=\"elementor-widget-container\">\n\t\t\t\t\t<h2 class=\"elementor-heading-title elementor-size-default\">D\u00e9couvrez nos diff\u00e9rents univers<\/h2>\t\t\t\t<\/div>\n\t\t\t\t<\/div>\n\t\t\t\t\t<\/div>\n\t\t<\/div>\n\t\t\t\t<div class=\"elementor-column elementor-col-50 elementor-inner-column elementor-element elementor-element-4e334a7c sktinfotech-section-1-inner2-right\" data-id=\"4e334a7c\" data-element_type=\"column\" data-e-type=\"column\">\n\t\t\t<div class=\"elementor-widget-wrap elementor-element-populated\">\n\t\t\t\t\t\t<div class=\"elementor-element elementor-element-46acc658 elementor-align-right elementor-mobile-align-center sktinfotech-firstsection-btn elementor-widget elementor-widget-button\" data-id=\"46acc658\" data-element_type=\"widget\" data-e-type=\"widget\" data-widget_type=\"button.default\">\n\t\t\t\t<div class=\"elementor-widget-container\">\n\t\t\t\t\t\t\t\t\t<div class=\"elementor-button-wrapper\">\n\t\t\t\t\t<a class=\"elementor-button elementor-button-link elementor-size-sm\" href=\"?page_id=18\">\n\t\t\t\t\t\t<span class=\"elementor-button-content-wrapper\">\n\t\t\t\t\t\t\t\t\t<span class=\"elementor-button-text\">Tous les univers<\/span>\n\t\t\t\t\t<\/span>\n\t\t\t\t\t<\/a>\n\t\t\t\t<\/div>\n\t\t\t\t\t\t\t\t<\/div>\n\t\t\t\t<\/div>\n\t\t\t\t\t<\/div>\n\t\t<\/div>\n\t\t\t\t\t<\/div>\n\t\t<\/section>\n\t\t\t\t\t<\/div>\n\t\t<\/div>\n\t\t\t\t\t<\/div>\n\t\t<\/section>\n\t\t\t\t<\/div>\n\t\t","protected":false},"excerpt":{"rendered":"<p>Inscrivez-vous Vous \u00eates une institut, une \u00e9cole ? Vous souhaitez faire partie d&#8217;un territoire Flooow ? Vous pensez que Flooow puisse vous faciliter la mise en lien avec vos prochains adh\u00e9rents ? D\u00e9couvrez nos diff\u00e9rents univers Tous les univers<\/p>\n","protected":false},"author":1,"featured_media":0,"parent":0,"menu_order":0,"comment_status":"closed","ping_status":"closed","template":"elementor_header_footer","meta":{"footnotes":""},"class_list":["post-973","page","type-page","status-publish","hentry"],"aioseo_notices":[],"_links":{"self":[{"href":"https:\/\/flooow.site\/index.php?rest_route=\/wp\/v2\/pages\/973","targetHints":{"allow":["GET"]}}],"collection":[{"href":"https:\/\/flooow.site\/index.php?rest_route=\/wp\/v2\/pages"}],"about":[{"href":"https:\/\/flooow.site\/index.php?rest_route=\/wp\/v2\/types\/page"}],"author":[{"embeddable":true,"href":"https:\/\/flooow.site\/index.php?rest_route=\/wp\/v2\/users\/1"}],"replies":[{"embeddable":true,"href":"https:\/\/flooow.site\/index.php?rest_route=%2Fwp%2Fv2%2Fcomments&post=973"}],"version-history":[{"count":7,"href":"https:\/\/flooow.site\/index.php?rest_route=\/wp\/v2\/pages\/973\/revisions"}],"predecessor-version":[{"id":983,"href":"https:\/\/flooow.site\/index.php?rest_route=\/wp\/v2\/pages\/973\/revisions\/983"}],"wp:attachment":[{"href":"https:\/\/flooow.site\/index.php?rest_route=%2Fwp%2Fv2%2Fmedia&parent=973"}],"curies":[{"name":"wp","href":"https:\/\/api.w.org\/{rel}","templated":true}]}}