{"id":950,"date":"2023-07-07T15:17:30","date_gmt":"2023-07-07T13:17:30","guid":{"rendered":"https:\/\/flooow.site\/?page_id=950"},"modified":"2023-07-07T16:12:19","modified_gmt":"2023-07-07T14:12:19","slug":"beneficiaire","status":"publish","type":"page","link":"https:\/\/flooow.site\/?page_id=950","title":{"rendered":"beneficiaire"},"content":{"rendered":"\t\t<div data-elementor-type=\"wp-page\" data-elementor-id=\"950\" class=\"elementor elementor-950\">\n\t\t\t\t\t\t<section class=\"elementor-section elementor-top-section elementor-element elementor-element-85b8fc2 elementor-section-boxed elementor-section-height-default elementor-section-height-default\" data-id=\"85b8fc2\" data-element_type=\"section\" data-e-type=\"section\">\n\t\t\t\t\t\t<div class=\"elementor-container elementor-column-gap-default\">\n\t\t\t\t\t<div class=\"elementor-column elementor-col-100 elementor-top-column elementor-element elementor-element-9b6f54d\" data-id=\"9b6f54d\" data-element_type=\"column\" data-e-type=\"column\">\n\t\t\t<div class=\"elementor-widget-wrap elementor-element-populated\">\n\t\t\t\t\t\t<div class=\"elementor-element elementor-element-d57ee0d elementor-widget elementor-widget-image\" data-id=\"d57ee0d\" data-element_type=\"widget\" data-e-type=\"widget\" data-widget_type=\"image.default\">\n\t\t\t\t<div class=\"elementor-widget-container\">\n\t\t\t\t\t\t\t\t\t\t\t\t\t\t\t<img fetchpriority=\"high\" decoding=\"async\" width=\"1280\" height=\"853\" src=\"https:\/\/flooow.site\/wp-content\/uploads\/2023\/07\/family-gbefb0d4c7_1280.jpg\" class=\"attachment-full size-full wp-image-952\" alt=\"\" srcset=\"https:\/\/flooow.site\/wp-content\/uploads\/2023\/07\/family-gbefb0d4c7_1280.jpg 1280w, https:\/\/flooow.site\/wp-content\/uploads\/2023\/07\/family-gbefb0d4c7_1280-300x200.jpg 300w, https:\/\/flooow.site\/wp-content\/uploads\/2023\/07\/family-gbefb0d4c7_1280-1024x682.jpg 1024w, https:\/\/flooow.site\/wp-content\/uploads\/2023\/07\/family-gbefb0d4c7_1280-768x512.jpg 768w\" sizes=\"(max-width: 1280px) 100vw, 1280px\" \/>\t\t\t\t\t\t\t\t\t\t\t\t\t\t\t<\/div>\n\t\t\t\t<\/div>\n\t\t\t\t<div class=\"elementor-element elementor-element-41b337b elementor-align-center elementor-absolute elementor-widget elementor-widget-button\" data-id=\"41b337b\" data-element_type=\"widget\" data-e-type=\"widget\" data-settings=\"{&quot;_position&quot;:&quot;absolute&quot;}\" data-widget_type=\"button.default\">\n\t\t\t\t<div class=\"elementor-widget-container\">\n\t\t\t\t\t\t\t\t\t<div class=\"elementor-button-wrapper\">\n\t\t\t\t\t<a class=\"elementor-button elementor-button-link elementor-size-lg\" href=\"#\">\n\t\t\t\t\t\t<span class=\"elementor-button-content-wrapper\">\n\t\t\t\t\t\t\t\t\t<span class=\"elementor-button-text\">Inscrivez-vous<\/span>\n\t\t\t\t\t<\/span>\n\t\t\t\t\t<\/a>\n\t\t\t\t<\/div>\n\t\t\t\t\t\t\t\t<\/div>\n\t\t\t\t<\/div>\n\t\t\t\t<div class=\"elementor-element elementor-element-38d2532 elementor-absolute elementor-widget elementor-widget-heading\" data-id=\"38d2532\" data-element_type=\"widget\" data-e-type=\"widget\" data-settings=\"{&quot;_position&quot;:&quot;absolute&quot;}\" data-widget_type=\"heading.default\">\n\t\t\t\t<div class=\"elementor-widget-container\">\n\t\t\t\t\t<h1 class=\"elementor-heading-title elementor-size-xl\">Vous \u00eates un b\u00e9n\u00e9ficiaire, une famille ?<\/h1>\t\t\t\t<\/div>\n\t\t\t\t<\/div>\n\t\t\t\t<div class=\"elementor-element elementor-element-a296595 elementor-absolute elementor-widget elementor-widget-heading\" data-id=\"a296595\" data-element_type=\"widget\" data-e-type=\"widget\" data-settings=\"{&quot;_position&quot;:&quot;absolute&quot;}\" data-widget_type=\"heading.default\">\n\t\t\t\t<div class=\"elementor-widget-container\">\n\t\t\t\t\t<h2 class=\"elementor-heading-title elementor-size-default\">Vous recherchez une activit\u00e9 ?<\/h2>\t\t\t\t<\/div>\n\t\t\t\t<\/div>\n\t\t\t\t\t<\/div>\n\t\t<\/div>\n\t\t\t\t\t<\/div>\n\t\t<\/section>\n\t\t\t\t<section class=\"elementor-section elementor-top-section elementor-element elementor-element-269f87bb sktinfotech-section-1 elementor-section-boxed elementor-section-height-default elementor-section-height-default\" data-id=\"269f87bb\" data-element_type=\"section\" data-e-type=\"section\" data-settings=\"{&quot;background_background&quot;:&quot;gradient&quot;}\">\n\t\t\t\t\t\t<div class=\"elementor-container elementor-column-gap-default\">\n\t\t\t\t\t<div class=\"elementor-column elementor-col-100 elementor-top-column elementor-element elementor-element-236f16ff\" data-id=\"236f16ff\" data-element_type=\"column\" data-e-type=\"column\">\n\t\t\t<div class=\"elementor-widget-wrap elementor-element-populated\">\n\t\t\t\t\t\t<section class=\"elementor-section elementor-inner-section elementor-element elementor-element-480e7687 sktinfotech-section-1-inner1 elementor-section-boxed elementor-section-height-default elementor-section-height-default\" data-id=\"480e7687\" data-element_type=\"section\" data-e-type=\"section\">\n\t\t\t\t\t\t<div class=\"elementor-container elementor-column-gap-default\">\n\t\t\t\t\t<div class=\"elementor-column elementor-col-100 elementor-inner-column elementor-element elementor-element-10b5d6c9 sktinfotech-section-1-inner1-mid\" data-id=\"10b5d6c9\" data-element_type=\"column\" data-e-type=\"column\">\n\t\t\t<div class=\"elementor-widget-wrap elementor-element-populated\">\n\t\t\t\t\t\t<div class=\"elementor-element elementor-element-38821dad elementor-widget elementor-widget-shortcode\" data-id=\"38821dad\" data-element_type=\"widget\" data-e-type=\"widget\" data-widget_type=\"shortcode.default\">\n\t\t\t\t<div class=\"elementor-widget-container\">\n\t\t\t\t\t\t\t<div class=\"elementor-shortcode\"><div class=\"services-box-outer\"> \r\n\t<div class=\"item\"><div class=\"services-box-content\"><div class=\"skt-services-outer\"><div class=\"skt-services-image\">\r\n\t\t\t<a href=\"https:\/\/flooow.site\/?services=vacances\" title=\"Vacances\"><img decoding=\"async\" src=\"https:\/\/flooow.site\/wp-content\/uploads\/2023\/07\/zach-betten-KYTT8L5JLDs-unsplash.jpg\" alt=\"serviceimage\"><\/a><\/div><\/div><div class=\"services-infobox\">\r\n                \t<h3 class=\"skt-services-title\"><a href=\"https:\/\/flooow.site\/?services=vacances\">Vacances<\/a><\/h3><\/div><\/div><\/div> \r\n\t<div class=\"item\"><div class=\"services-box-content\"><div class=\"skt-services-outer\"><div class=\"skt-services-image\">\r\n\t\t\t<a href=\"https:\/\/flooow.site\/?services=loisirs\" title=\"Loisirs\"><img decoding=\"async\" src=\"https:\/\/flooow.site\/wp-content\/uploads\/2023\/07\/marius-masalar-rPOmLGwai2w-unsplash-scaled.jpg\" alt=\"serviceimage\"><\/a><\/div><\/div><div class=\"services-infobox\">\r\n                \t<h3 class=\"skt-services-title\"><a href=\"https:\/\/flooow.site\/?services=loisirs\">Loisirs<\/a><\/h3><\/div><\/div><\/div> \r\n\t<div class=\"item\"><div class=\"services-box-content\"><div class=\"skt-services-outer\"><div class=\"skt-services-image\">\r\n\t\t\t<a href=\"https:\/\/flooow.site\/?services=scolaires\" title=\"Scolaires\"><img decoding=\"async\" src=\"https:\/\/flooow.site\/wp-content\/uploads\/2023\/07\/element5-digital-OyCl7Y4y0Bk-unsplash-scaled.jpg\" alt=\"serviceimage\"><\/a><\/div><\/div><div class=\"services-infobox\">\r\n                \t<h3 class=\"skt-services-title\"><a href=\"https:\/\/flooow.site\/?services=scolaires\">Scolaires<\/a><\/h3><\/div><\/div><\/div> \r\n\t<div class=\"item\"><div class=\"services-box-content\"><div class=\"skt-services-outer\"><div class=\"skt-services-image\">\r\n\t\t\t<a href=\"https:\/\/flooow.site\/?services=culture\" title=\"Culture\"><img decoding=\"async\" src=\"https:\/\/flooow.site\/wp-content\/uploads\/2023\/07\/analuisa-gamboa-lNZ5gcIIZxo-unsplash-scaled.jpg\" alt=\"serviceimage\"><\/a><\/div><\/div><div class=\"services-infobox\">\r\n                \t<h3 class=\"skt-services-title\"><a href=\"https:\/\/flooow.site\/?services=culture\">Culture<\/a><\/h3><\/div><\/div><\/div> \r\n\t<div class=\"item\"><div class=\"services-box-content\"><div class=\"skt-services-outer\"><div class=\"skt-services-image\">\r\n\t\t\t<a href=\"https:\/\/flooow.site\/?services=sports\" title=\"Sports\"><img decoding=\"async\" src=\"https:\/\/flooow.site\/wp-content\/uploads\/2023\/07\/moises-alex-WqI-PbYugn4-unsplash-scaled.jpg\" alt=\"serviceimage\"><\/a><\/div><\/div><div class=\"services-infobox\">\r\n                \t<h3 class=\"skt-services-title\"><a href=\"https:\/\/flooow.site\/?services=sports\">Sports<\/a><\/h3><\/div><\/div><\/div><\/div><\/div>\n\t\t\t\t\t\t<\/div>\n\t\t\t\t<\/div>\n\t\t\t\t\t<\/div>\n\t\t<\/div>\n\t\t\t\t\t<\/div>\n\t\t<\/section>\n\t\t\t\t<section class=\"elementor-section elementor-inner-section elementor-element elementor-element-7ba163fa sktinfotech-section-1-inner2 elementor-section-boxed elementor-section-height-default elementor-section-height-default\" data-id=\"7ba163fa\" data-element_type=\"section\" data-e-type=\"section\">\n\t\t\t\t\t\t<div class=\"elementor-container elementor-column-gap-default\">\n\t\t\t\t\t<div class=\"elementor-column elementor-col-50 elementor-inner-column elementor-element elementor-element-5acd7e69 sktinfotech-section-1-inner2-left\" data-id=\"5acd7e69\" data-element_type=\"column\" data-e-type=\"column\">\n\t\t\t<div class=\"elementor-widget-wrap elementor-element-populated\">\n\t\t\t\t\t\t<div class=\"elementor-element elementor-element-4151104c elementor-widget elementor-widget-heading\" data-id=\"4151104c\" data-element_type=\"widget\" data-e-type=\"widget\" data-widget_type=\"heading.default\">\n\t\t\t\t<div class=\"elementor-widget-container\">\n\t\t\t\t\t<h2 class=\"elementor-heading-title elementor-size-default\">D\u00e9couvrez nos diff\u00e9rents univers<\/h2>\t\t\t\t<\/div>\n\t\t\t\t<\/div>\n\t\t\t\t\t<\/div>\n\t\t<\/div>\n\t\t\t\t<div class=\"elementor-column elementor-col-50 elementor-inner-column elementor-element elementor-element-d807ffd sktinfotech-section-1-inner2-right\" data-id=\"d807ffd\" data-element_type=\"column\" data-e-type=\"column\">\n\t\t\t<div class=\"elementor-widget-wrap elementor-element-populated\">\n\t\t\t\t\t\t<div class=\"elementor-element elementor-element-5a73a576 elementor-align-right elementor-mobile-align-center sktinfotech-firstsection-btn elementor-widget elementor-widget-button\" data-id=\"5a73a576\" data-element_type=\"widget\" data-e-type=\"widget\" data-widget_type=\"button.default\">\n\t\t\t\t<div class=\"elementor-widget-container\">\n\t\t\t\t\t\t\t\t\t<div class=\"elementor-button-wrapper\">\n\t\t\t\t\t<a class=\"elementor-button elementor-button-link elementor-size-sm\" href=\"?page_id=18\">\n\t\t\t\t\t\t<span class=\"elementor-button-content-wrapper\">\n\t\t\t\t\t\t\t\t\t<span class=\"elementor-button-text\">Tous les univers<\/span>\n\t\t\t\t\t<\/span>\n\t\t\t\t\t<\/a>\n\t\t\t\t<\/div>\n\t\t\t\t\t\t\t\t<\/div>\n\t\t\t\t<\/div>\n\t\t\t\t\t<\/div>\n\t\t<\/div>\n\t\t\t\t\t<\/div>\n\t\t<\/section>\n\t\t\t\t\t<\/div>\n\t\t<\/div>\n\t\t\t\t\t<\/div>\n\t\t<\/section>\n\t\t\t\t<\/div>\n\t\t","protected":false},"excerpt":{"rendered":"<p>Inscrivez-vous Vous \u00eates un b\u00e9n\u00e9ficiaire, une famille ? Vous recherchez une activit\u00e9 ? D\u00e9couvrez nos diff\u00e9rents univers Tous les univers<\/p>\n","protected":false},"author":1,"featured_media":0,"parent":0,"menu_order":0,"comment_status":"closed","ping_status":"closed","template":"elementor_header_footer","meta":{"footnotes":""},"class_list":["post-950","page","type-page","status-publish","hentry"],"aioseo_notices":[],"_links":{"self":[{"href":"https:\/\/flooow.site\/index.php?rest_route=\/wp\/v2\/pages\/950","targetHints":{"allow":["GET"]}}],"collection":[{"href":"https:\/\/flooow.site\/index.php?rest_route=\/wp\/v2\/pages"}],"about":[{"href":"https:\/\/flooow.site\/index.php?rest_route=\/wp\/v2\/types\/page"}],"author":[{"embeddable":true,"href":"https:\/\/flooow.site\/index.php?rest_route=\/wp\/v2\/users\/1"}],"replies":[{"embeddable":true,"href":"https:\/\/flooow.site\/index.php?rest_route=%2Fwp%2Fv2%2Fcomments&post=950"}],"version-history":[{"count":10,"href":"https:\/\/flooow.site\/index.php?rest_route=\/wp\/v2\/pages\/950\/revisions"}],"predecessor-version":[{"id":972,"href":"https:\/\/flooow.site\/index.php?rest_route=\/wp\/v2\/pages\/950\/revisions\/972"}],"wp:attachment":[{"href":"https:\/\/flooow.site\/index.php?rest_route=%2Fwp%2Fv2%2Fmedia&parent=950"}],"curies":[{"name":"wp","href":"https:\/\/api.w.org\/{rel}","templated":true}]}}